{"id":333,"date":"2019-02-06T03:35:31","date_gmt":"2019-02-06T03:35:31","guid":{"rendered":"https:\/\/ninetheme.com\/themes\/agro\/?page_id=333"},"modified":"2019-02-06T03:35:31","modified_gmt":"2019-02-06T03:35:31","slug":"blog-grid","status":"publish","type":"page","link":"https:\/\/ecorecycling.md\/ro\/blog-grid\/","title":{"rendered":"Blog Grid"},"content":{"rendered":"[vc_row full_width=&#8221;container-null&#8221;][vc_column agro_disable_column=&#8221;yes&#8221;]<div id=\"hero\" class=\"nt-shortcode-hero jarallax section_69f52a1c3b973 vc_custom_1549423946303\" data-speed=\"0.7\" data-img-position=\"50% 80%\" data-res-css=\"          \"><div class=\"container\"><div class=\"row\"><div class=\"col-12 col-lg-7 \"><h1 class=\"__title\"><span>OUR<\/span> BLOG<\/h1><p class=\"nt-hero-desc\">The point of using Lorem Ipsum is that it has a more-or-less normal distribution of letters, as opposed to using &#039;Content here, content here&#039;, making it look like readable English<\/p><div class=\"shortcode-page-breadcrumbs breadcrumb\"><div class=\"nt-breadcrumbs\"><ul class=\"nt-breadcrumbs-list\"><li class=\"bitem\"><span><a class=\"breadcrumbs__link\" href=\"https:\/\/ecorecycling.md\/ro\/\"><span>Home<\/span><\/a><\/span><\/li><\/ul><\/div><\/div><\/div><\/div><\/div><\/div>[\/vc_column][\/vc_row][vc_row full_width=&#8221;container-null&#8221;][vc_column agro_disable_column=&#8221;yes&#8221;]<div class=\"section section-blog blog_69f52a1c3beb2\" data-res-css=\"                     \"><div class=\"container\"><div class=\"posts posts--style-1\"><div class=\"__inner\"><div class=\"row\"><div class=\"nt-post col-12 col-sm-6 col-lg-4 post-1528 post type-post status-publish format-standard has-post-thumbnail hentry category-eco-blog  nt-post-class\"><div class=\"__item __item--preview\" data-aos=\"flip-up\" data-aos-delay=\"100\" data-aos-offset=\"0\"><figure class=\"__image\"><img src=\"https:\/\/ecorecycling.md\/wp-content\/uploads\/2022\/06\/ECO-PROMO-767x812.jpg\" alt=\"CUM? \u0219i DE CE? Recicl\u0103m responsabil de\u0219eurile electronice\" \/><\/figure><div class=\"__content\"><p class=\"__category\"><a href=\"https:\/\/ecorecycling.md\/ro\/category\/eco-blog\/\" rel=\"category tag\">Eco blog<\/a><\/p><h3 class=\"__title h5\"><a href=\"https:\/\/ecorecycling.md\/ro\/2022\/06\/20\/how-and-why-we-recycle-e-waste-responsibly\/\">CUM? \u0219i DE CE? Recicl\u0103m responsabil de\u0219eurile electronice<\/a><\/h3><p>C\u00e2t de des \u00ee\u021bi actualizezi telefonul, \u00ee\u021bi schimbi aparatele \u0219i \u00ee\u021bi \u00eenlocuie\u0219ti electronicele la serviciu sau acas\u0103? Majoritatea dintre noi nu se g\u00e2ndesc la considerentele de mediu atunci c\u00e2nd cump\u0103r\u0103m&hellip;<\/p>\n<a href=\"https:\/\/ecorecycling.md\/ro\/2022\/06\/20\/how-and-why-we-recycle-e-waste-responsibly\/\" class=\"custom-btn custom-btn--medium custom-btn--style-1\">Read more<\/a><\/div><span class=\"__date-post\"><strong>20<\/strong>iun<\/span><\/div><\/div><div class=\"col-12 pagination-shortcode pt-12\"><\/div><\/div><\/div><\/div><\/div><\/div>[\/vc_column][\/vc_row][vc_row full_width=&#8221;container-stretch&#8221; css=&#8221;.vc_custom_1549793151592{padding-bottom: 124px !important;}&#8221; agro_md_css=&#8221;.vc_custom_1549793151603{padding-bottom: 84px !important;}&#8221; el_class=&#8221;section section&#8211;dark-bg&#8221; agro_sm_css=&#8221;.vc_custom_1549793151603{padding-bottom: 54px !important;}&#8221; 992_desc=&#8221;&#8221; 768_desc=&#8221;&#8221; 576_desc=&#8221;&#8221;][vc_column el_class=&#8221;section-heading&#8211;white&#8221;]<div class=\"section-heading section-heading--center item_69f52a1c3dab9\" data-res-css=\"     \" data-aos=\"fade\"><h2 class=\"__title\">GET <span>IN TOUCH<\/span><\/h2><p>Latin words, combined with a handful of model sentence structures, to generate Lorem Ipsum which looks reasonable.<\/p><\/div>[contact-form-7 404 \"Neg\u0103sit\u0103\"][\/vc_column][\/vc_row][vc_row full_width=&#8221;container-null&#8221;][vc_column agro_disable_column=&#8221;yes&#8221;]<div class=\"section section--no-pt section--no-pb\" style=\"min-height: 255px\"><div class=\"g_map\" data-zoom=\"15\" data-api-key=\"AIzaSyBXQROV5YMCERGIIuwxrmaZbBl_Wm4Dy5U\" data-longitude=\"44.958309\" data-latitude=\"34.109925\" data-marker=\"https:\/\/ecorecycling.md\/wp-content\/uploads\/2019\/02\/marker.png\" style=\"min-height: 255px\"><\/div><\/div>[\/vc_column][\/vc_row]\n","protected":false},"excerpt":{"rendered":"<p>[vc_row full_width=&#8221;container-null&#8221;][vc_column agro_disable_column=&#8221;yes&#8221;][\/vc_column][\/vc_row][vc_row full_width=&#8221;container-null&#8221;][vc_column agro_disable_column=&#8221;yes&#8221;][\/vc_column][\/vc_row][vc_row full_width=&#8221;container-stretch&#8221; css=&#8221;.vc_custom_1549793151592{padding-bottom: 124px !important;}&#8221; agro_md_css=&#8221;.vc_custom_1549793151603{padding-bottom: 84px !important;}&#8221; el_class=&#8221;section section&#8211;dark-bg&#8221; agro_sm_css=&#8221;.vc_custom_1549793151603{padding-bottom: 54px !important;}&#8221; 992_desc=&#8221;&#8221; 768_desc=&#8221;&#8221; 576_desc=&#8221;&#8221;][vc_column el_class=&#8221;section-heading&#8211;white&#8221;][\/vc_column][\/vc_row][vc_row full_width=&#8221;container-null&#8221;][vc_column agro_disable_column=&#8221;yes&#8221;][\/vc_column][\/vc_row]<\/p>\n","protected":false},"author":1,"featured_media":0,"parent":0,"menu_order":0,"comment_status":"closed","ping_status":"closed","template":"custom-page.php","meta":[],"_links":{"self":[{"href":"https:\/\/ecorecycling.md\/ro\/wp-json\/wp\/v2\/pages\/333"}],"collection":[{"href":"https:\/\/ecorecycling.md\/ro\/wp-json\/wp\/v2\/pages"}],"about":[{"href":"https:\/\/ecorecycling.md\/ro\/wp-json\/wp\/v2\/types\/page"}],"author":[{"embeddable":true,"href":"https:\/\/ecorecycling.md\/ro\/wp-json\/wp\/v2\/users\/1"}],"replies":[{"embeddable":true,"href":"https:\/\/ecorecycling.md\/ro\/wp-json\/wp\/v2\/comments?post=333"}],"version-history":[{"count":0,"href":"https:\/\/ecorecycling.md\/ro\/wp-json\/wp\/v2\/pages\/333\/revisions"}],"wp:attachment":[{"href":"https:\/\/ecorecycling.md\/ro\/wp-json\/wp\/v2\/media?parent=333"}],"curies":[{"name":"wp","href":"https:\/\/api.w.org\/{rel}","templated":true}]}}