{"id":259,"date":"2019-02-05T09:56:02","date_gmt":"2019-02-05T09:56:02","guid":{"rendered":"https:\/\/ninetheme.com\/themes\/agro\/?page_id=259"},"modified":"2022-07-05T08:51:09","modified_gmt":"2022-07-05T08:51:09","slug":"services","status":"publish","type":"page","link":"https:\/\/ecorecycling.md\/ro\/services\/","title":{"rendered":"Servicii"},"content":{"rendered":"[vc_row full_width=&#8221;container-null&#8221;][vc_column agro_disable_column=&#8221;yes&#8221;]<div class=\"section item_69d647c1c4d48\" data-res-css=\"     \"><div class=\"container\"><div class=\"row justify-content-xl-between\"><div class=\"col-12 col-lg col-xl-7\"><h2 class=\"info-heading\">COLECTAREA <span>DE\u0218EURILOR<\/span><\/h2><strong>Ce este colectarea selectiv\u0103 a de\u0219eurilor?<\/strong><br \/>\nSemnul grafic specific pentru reciclare prezent pe etichete arat\u0103 dac\u0103 acel produs este reciclabil. Fiecare din cele trei s\u0103ge\u0163i care formeaz\u0103 un dreptunghi reprezint\u0103 un pas al procesului de reciclare: colectare \u015fi procesare, prelucrare, cump\u0103rare produse reciclate. Astfel, acest semn, bucla Moebius, este simbolul interna\u0163ional al recicl\u0103rii.<br \/>\nColectarea selectiv\u0103 este o parte a procesului de reciclare, prin care materialele reciclabile sunt adunate \u0219i transportate c\u0103tre centre de reciclare. Procesul de reciclare presupune compostarea de\u0219eurilor, colectarea separat\u0103 \u0219i tratarea de\u0219eurilor pentru reintroducerea lor \u00een circuitul economic.<\/div><div class=\"col-12 my-3 d-lg-none\"><\/div><div class=\"col-12 col-lg-auto  text-center\"><img src=\"https:\/\/ecorecycling.md\/wp-content\/uploads\/2020\/12\/colectare.jpg\" class=\"img-fluid\" alt=\"colectare.jpg\"><\/div><\/div><\/div><\/div><div class=\"section section_69d647c1c504f vc_custom_1610658174629\" data-res-css=\"              \"><div class=\"d-none d-lg-block bg-absolute\"><img src=\"https:\/\/ecorecycling.md\/wp-content\/uploads\/2020\/12\/rules_bg.png\" class=\"img-fluid\" alt=\"rules_bg.png\"><\/div><div class=\"container\"><div class=\"row\"><div class=\"col-12 col-md-5 col-lg-4\"><div class=\"section-heading section-heading--left\" data-aos=\"fade\"><p><img src=\"https:\/\/ecorecycling.md\/wp-content\/uploads\/2020\/12\/colectare_serv_icon.png\" class=\"img-fluid\" alt=\"colectare_serv_icon.png\"><\/p><h2 class=\"__title\">De\u0219euri <span>Periculoase<\/span><\/h2><\/div><\/div><div class=\"col-12 col-md-7 col-lg-8\"><div class=\"feature feature--style-3\"><div class=\"__inner\"><div class=\"row\"><div class=\"col-6 col-sm-4 col-lg-3\"><div class=\"__item  text-center\" data-aos=\"\"><i class=\"__ico\"><img src=\"https:\/\/ecorecycling.md\/wp-content\/uploads\/2020\/12\/electrocasnice.png\" class=\"img-fluid\" alt=\"electrocasnice.png\"><\/i><h5 class=\"__title\">Electrocasnice<\/h5><\/div><\/div><div class=\"col-6 col-sm-4 col-lg-3\"><div class=\"__item  text-center\" data-aos=\"\"><i class=\"__ico\"><img src=\"https:\/\/ecorecycling.md\/wp-content\/uploads\/2020\/12\/batery_dead.png\" class=\"img-fluid\" alt=\"batery_dead.png\"><\/i><h5 class=\"__title\">Bateriile<\/h5><\/div><\/div><div class=\"col-6 col-sm-4 col-lg-3\"><div class=\"__item  text-center\" data-aos=\"\"><i class=\"__ico\"><img src=\"https:\/\/ecorecycling.md\/wp-content\/uploads\/2020\/12\/vopsele.png\" class=\"img-fluid\" alt=\"vopsele.png\"><\/i><h5 class=\"__title\">Vopselele, lacurile pentru lemn, diluan\u021bii<\/h5><\/div><\/div><div class=\"col-6 col-sm-4 col-lg-3\"><div class=\"__item  text-center\" data-aos=\"\"><i class=\"__ico\"><img src=\"https:\/\/ecorecycling.md\/wp-content\/uploads\/2020\/12\/spray.png\" class=\"img-fluid\" alt=\"spray.png\"><\/i><h5 class=\"__title\">Solu\u021biile \u0219i spray-urile <\/h5><\/div><\/div><div class=\"col-6 col-sm-4 col-lg-3\"><div class=\"__item  text-center\" data-aos=\"\"><i class=\"__ico\"><img src=\"https:\/\/ecorecycling.md\/wp-content\/uploads\/2020\/12\/lamp.png\" class=\"img-fluid\" alt=\"lamp.png\"><\/i><h5 class=\"__title\">Becurile \u0219i alte surse de iluminat<\/h5><\/div><\/div><div class=\"col-6 col-sm-4 col-lg-3\"><div class=\"__item  text-center\" data-aos=\"\"><i class=\"__ico\"><img src=\"https:\/\/ecorecycling.md\/wp-content\/uploads\/2020\/12\/termometre.jpg\" class=\"img-fluid\" alt=\"termometre.jpg\"><\/i><h5 class=\"__title\">Termometrele<\/h5><\/div><\/div><div class=\"col-6 col-sm-4 col-lg-3\"><div class=\"__item  text-center\" data-aos=\"\"><i class=\"__ico\"><img src=\"https:\/\/ecorecycling.md\/wp-content\/uploads\/2020\/12\/car_parts.jpg\" class=\"img-fluid\" alt=\"car_parts.jpg\"><\/i><h5 class=\"__title\">Articole auto<\/h5><\/div><\/div><div class=\"col-6 col-sm-4 col-lg-3\"><div class=\"__item  text-center\" data-aos=\"\"><i class=\"__ico\"><img src=\"https:\/\/ecorecycling.md\/wp-content\/uploads\/2020\/12\/detergents.png\" class=\"img-fluid\" alt=\"detergents.png\"><\/i><h5 class=\"__title\">Detergen\u021bii<\/h5><\/div><\/div><\/div><\/div><\/div><\/div><\/div><\/div><\/div><div class=\"section section_69d647c1c64d4 vc_custom_1611866532434\" data-res-css=\"              \"><div class=\"d-none d-lg-block bg-absolute\"><img src=\"https:\/\/ecorecycling.md\/wp-content\/uploads\/2020\/12\/rules_bg.png\" class=\"img-fluid\" alt=\"rules_bg.png\"><\/div><div class=\"container\"><div class=\"row\"><div class=\"col-12 col-md-5 col-lg-4\"><div class=\"section-heading section-heading--left\" data-aos=\"fade\"><p><img src=\"https:\/\/ecorecycling.md\/wp-content\/uploads\/2020\/12\/trashsave.png\" class=\"img-fluid\" alt=\"trashsave.png\"><\/p><h2 class=\"__title\">De\u0219euri <span>Nepericuloase<\/span><\/h2><\/div><\/div><div class=\"col-12 col-md-7 col-lg-8\"><div class=\"feature feature--style-3\"><div class=\"__inner\"><div class=\"row\"><div class=\"col-6 col-sm-4 col-lg-3\"><div class=\"__item  text-center\" data-aos=\"\"><i class=\"__ico\"><img src=\"https:\/\/ecorecycling.md\/wp-content\/uploads\/2020\/12\/hartie.jpg\" class=\"img-fluid\" alt=\"hartie.jpg\"><\/i><h5 class=\"__title\">De\u0219euri de h\u00e2rtie<\/h5><\/div><\/div><div class=\"col-6 col-sm-4 col-lg-3\"><div class=\"__item  text-center\" data-aos=\"\"><i class=\"__ico\"><img src=\"https:\/\/ecorecycling.md\/wp-content\/uploads\/2020\/12\/plastic_deseuri.jpg\" class=\"img-fluid\" alt=\"plastic_deseuri.jpg\"><\/i><h5 class=\"__title\">De\u0219euri de plastic<\/h5><\/div><\/div><div class=\"col-6 col-sm-4 col-lg-3\"><div class=\"__item  text-center\" data-aos=\"\"><i class=\"__ico\"><img src=\"https:\/\/ecorecycling.md\/wp-content\/uploads\/2020\/12\/deseuri_metal.jpg\" class=\"img-fluid\" alt=\"deseuri_metal.jpg\"><\/i><h5 class=\"__title\">De\u0219euri de metal<\/h5><\/div><\/div><div class=\"col-6 col-sm-4 col-lg-3\"><div class=\"__item  text-center\" data-aos=\"\"><i class=\"__ico\"><img src=\"https:\/\/ecorecycling.md\/wp-content\/uploads\/2020\/12\/deseu_sticla.png\" class=\"img-fluid\" alt=\"deseu_sticla.png\"><\/i><h5 class=\"__title\">De\u0219euri de sticl\u0103<\/h5><\/div><\/div><div class=\"col-6 col-sm-4 col-lg-3\"><div class=\"__item  text-center\"><i class=\"__ico\"><img src=\"https:\/\/ecorecycling.md\/wp-content\/uploads\/2020\/12\/textile-recycling.png\" class=\"img-fluid\" alt=\"textile-recycling.png\"><\/i><h5 class=\"__title\">De\u0219euri textile<\/h5><\/div><\/div><div class=\"col-6 col-sm-4 col-lg-3\"><div class=\"__item  text-center\"><i class=\"__ico\"><img src=\"https:\/\/ecorecycling.md\/wp-content\/uploads\/2020\/12\/wood_icon.jpg\" class=\"img-fluid\" alt=\"wood_icon.jpg\"><\/i><h5 class=\"__title\">De\u0219euri din lemn<\/h5><\/div><\/div><div class=\"col-6 col-sm-4 col-lg-3\"><div class=\"__item  text-center\"><i class=\"__ico\"><img src=\"https:\/\/ecorecycling.md\/wp-content\/uploads\/2020\/12\/biodegradabile.png\" class=\"img-fluid\" alt=\"biodegradabile.png\"><\/i><h5 class=\"__title\">De\u0219euri biodegradabile<\/h5><\/div><\/div><div class=\"col-6 col-sm-4 col-lg-3\"><div class=\"__item  text-center\"><i class=\"__ico\"><img src=\"https:\/\/ecorecycling.md\/wp-content\/uploads\/2020\/12\/construction_wast.jpg\" class=\"img-fluid\" alt=\"construction_wast.jpg\"><\/i><h5 class=\"__title\">De\u0219euri din construc\u021bii<\/h5><\/div><\/div><\/div><\/div><\/div><\/div><\/div><\/div><\/div>[\/vc_column][\/vc_row][vc_row][vc_column]<div class=\"section item_69d647c1c774e\" data-res-css=\"             \"><div class=\"container\"><div class=\"row\"><div class=\"col-12 col-lg-6\"><h2 class=\"info-heading\">Tratarea <span>de\u0219eurilor<\/span><\/h2>Reprezint\u0103 o opera\u021biune important\u0103 pentru compania EcoRecycling, prin care ob\u021binem un procent mare de de\u0219euri valori\ufb01cabile care ulterior pot \ufb01 reciclate.<\/p>\n<p>Ea include eliminarea \u0219i tratarea \u00eenainte de eliminare a de\u0219eurilor periculoase, solide, inclusiv de\u0219euri care pot fi explozive, oxidante, inflamabile, toxice, iritante, cancerogene, corozive, infec\u021bioase si alte substan\u021be \u0219i preparate d\u0103un\u0103toare.<\/div><div class=\"col-12 my-3 d-lg-none\"><\/div><div class=\"col-12 col-lg-6\"><img src=\"https:\/\/ecorecycling.md\/wp-content\/uploads\/2020\/12\/tratarea.jpg\" class=\"img-fluid\" alt=\"tratarea.jpg\"><\/div><\/div><\/div><\/div><div class=\"section item_69d647c1c7965\" data-res-css=\"             \"><div class=\"container\"><div class=\"row\"><div class=\"col-12 col-lg-6\"><h2 class=\"info-heading\">Transportarea <span>de\u0219eurilor<\/span><\/h2>Transportarea de\u0219eurilor, include deplasarea de\u0219eurilor, cu mijloace specializate, de la locurile de producere sau de colectare la locurile de depozitare intermediar\u0103, de valorificare sau la cele de depozitare final\u0103.<\/p>\n<p>Compania va colecta \u0219i transporta \u00een vehicule specializate de\u0219eurile periculoase rezultate \u00een urma activit\u0103\u021bii. Transporturile de de\u0219euri periculoase, acumulate \u00een Depozitul Temporar de De\u0219euri Periculoase, vor fi efectuate cu o frecven\u021b\u0103 corespunz\u0103toare acumul\u0103rii acestor de\u0219euri, c\u0103tre locuri de depozitate autorizate. M\u0103suri specifice de evitare a riscurilor induse de transportul de\u0219eurilor periculoase vor fi implementate, conform cantit\u0103\u021bilor \u0219i periculozit\u0103\u021bii de\u0219eurilor.<\/div><div class=\"col-12 my-3 d-lg-none\"><\/div><div class=\"col-12 col-lg-6\"><img src=\"https:\/\/ecorecycling.md\/wp-content\/uploads\/2020\/12\/transport1.jpg\" class=\"img-fluid\" alt=\"transport1.jpg\"><\/div><\/div><\/div><\/div><div class=\"section item_69d647c1c7b87\" data-res-css=\"             \"><div class=\"container\"><div class=\"row\"><div class=\"col-12 col-lg-6\"><h2 class=\"info-heading\">Valorificarea <span>de\u0219eurilor<\/span><\/h2>Valorificarea de\u015feurilor cuprinde orice opera\u0163ie sau succesiuni de opera\u0163ii de dezmembrare, sortare, t\u0103iere, m\u0103run\u0163ire, presare, balotare, recuperarea\/ regenerarea solven\u021bilor efectuat\u0103 asupra unui de\u015feu prin procedee industriale, \u00een vederea transform\u0103rii sale \u00een materie prim\u0103 secundar\u0103 sau surs\u0103 de energie.<\/p>\n<p>Echipa Eco Recycling de\u021bine urm\u0103toarele solu\u021bii de valorificare: Valorificarea material\u0103 : sticl\u0103, material plastic, metale feroase \u0219i neferoase, substan\u021be minerale.<\/p>\n<p>Activitatea de recuperare a materialelor reciclabile sortate se desf\u0103\u0219oar\u0103 \u00een urm\u0103toarele etape: colectarea, transportul, concasarea, sp\u0103larea, compactarea, ob\u021binerea de produse finite reprezentate de materiale reciclabile utilizabile \u00een construc\u021bii, fier vechi din arm\u0103turi, valorificabile la centrele de valorificare ale acestora, precum \u0219i materiile sterile utilizabile la umplerea golurilor create prin exploat\u0103rile materialelor de balastier\u0103.<\/div><div class=\"col-12 my-3 d-lg-none\"><\/div><div class=\"col-12 col-lg-6\"><img src=\"https:\/\/ecorecycling.md\/wp-content\/uploads\/2020\/12\/valor_img.jpg\" class=\"img-fluid\" alt=\"valor_img.jpg\"><\/div><\/div><\/div><\/div><div class=\"section item_69d647c1c7da0\" data-res-css=\"             \"><div class=\"container\"><div class=\"row\"><div class=\"col-12 col-lg-6\"><h2 class=\"info-heading\">Distrugerea <span>de\u0219eurilor<\/span><\/h2>Republica Moldova genereaz\u0103, anual, o cantitate imens\u0103 de de\u015feuri, multe dintre ele fiind \u015fi foarte periculoase, \u00eentruc\u00e2t con\u0163in diferite substan\u0163e toxice, cancerigene. Din acest motiv, ele trebuie colectate separat \u015fi distruse.<\/p>\n<p>Spre deosebire de reziduurile ce pot fi reciclate \u015fi reintroduse \u00eentr-un circuit de valorificare, \u00een cazul materialelor cu poten\u0163ial periculos, cea mai eficient\u0103 \u015fi benefic\u0103 solu\u0163ie este eliminarea lor controlat\u0103, \u00een condi\u0163ii de maxim\u0103 siguran\u0163\u0103.<\/p>\n<p>Distrugerea de\u015feurilor se face doar \u00een cazurile \u00een care materialele nu au folos din punct de vedere al reutiliz\u0103rii \u00een alte segmente de produc\u0163ie sau al valorii energetice. A\u015fadar, nu doar de\u015feurile periculoase trec prin procesul de colectare \u015fi eliminare, ci \u015fi cele care, din anumite motive, nu pot fi reciclate.<\/p>\n<p>\u00cen aceast\u0103 categorie, intr\u0103, printre altele, documentele \u015fi arhivele cu caracter confiden\u0163ial, de\u015feurile din plastic nereciclabil \u015fi de\u015feurile biodegradabile.<\/p>\n<p>Obiectivul distrugerii de\u015feurilor are ca scop principal \u00eenl\u0103turarea efectelor d\u0103un\u0103toare precum poluarea apelor, solului \u015fi atmosferei, r\u0103sp\u00e2ndirea infec\u0163iilor \u015fi \u00eenmul\u0163irea insectelor \u015fi a roz\u0103toarelor. Pe plan secundar, privind valorificarea de\u015feurilor, obiectivele centrale sunt: dezvoltarea pie\u0163ei pentru materiile prime secundare, promovarea valorific\u0103rii de\u015feurilor, reducerea global\u0103 a volumului de de\u015feuri \u015fi sus\u0163inerea utiliz\u0103rii produselor rezultate \u00een urma procesului de valorificare.<\/div><div class=\"col-12 my-3 d-lg-none\"><\/div><div class=\"col-12 col-lg-6\"><img src=\"https:\/\/ecorecycling.md\/wp-content\/uploads\/2020\/12\/destrugeea.jpg\" class=\"img-fluid\" alt=\"destrugeea.jpg\"><\/div><\/div><\/div><\/div>[\/vc_column][\/vc_row][vc_row full_width=&#8221;stretch_row_content_no_spaces&#8221; css=&#8221;.vc_custom_1612344183733{margin-bottom: -140px !important;}&#8221;][vc_column][vc_raw_html]JTNDZm9vdGVyJTIwaWQlM0QlMjJmb290ZXIlMjIlMjBjbGFzcyUzRCUyMmZvb3RlciUyMGZvb3Rlci0tc3R5bGUtMyUyMHZjX2N1c3RvbV8xNjA4MzkxNzQ4ODY4JTIyJTNFJTBBJTBBJTIwJTIwJTNDZGl2JTIwY2xhc3MlM0QlMjJyb3clMjIlM0UlMEElMEElMjAlMjAlMjAlMjAlM0NkaXYlMjBjbGFzcyUzRCUyMmNvbC1tZC00JTIwY29sLXhzLTEyJTIwdGV4dC1jZW50ZXIlMjIlM0UlMEElMjAlMjAlMjAlMjAlMjAlMjAlM0NhJTIwaHJlZiUzRCUyMiUyRiUyMiUzRSUwQSUyMCUyMCUyMCUyMCUyMCUyMCUyMCUyMCUzQ2ltZyUyMGxvYWRpbmclM0QlMjJsYXp5JTIyJTIwY2xhc3MlM0QlMjJhbGlnbm5vbmUlMjBzaXplLWZ1bGwlMjB3cC1pbWFnZS05NTQlMjIlMjBzcmMlM0QlMjJodHRwJTNBJTJGJTJGZWNvcmVjeWNsaW5nLm1kJTJGd3AtY29udGVudCUyRnVwbG9hZHMlMkYyMDIxJTJGMDElMkZ2Ny5wbmclMjIlMjBhbHQlM0QlMjIlMjIlMjB3aWR0aCUzRCUyMjIwMCUyMiUyMGhlaWdodCUzRCUyMjE1MCUyMiUyMHNpemVzJTNEJTIyJTI4bWF4LXdpZHRoJTNBJTIwMjAwcHglMjklMjAxMDB2dyUyQyUyMDIwMHB4JTIyJTIwJTJGJTNFJTBBJTIwJTIwJTIwJTIwJTIwJTIwJTNDJTJGYSUzRSUwQSUyMCUyMCUyMCUyMCUzQyUyRmRpdiUzRSUwQSUwQSUyMCUyMCUyMCUyMCUzQ2RpdiUyMGNsYXNzJTNEJTIyY29sLW1kLTQlMjBjb2wteHMtMTIlMjB0ZXh0LWNlbnRlciUyMHB0LTUlMjIlM0UlMEElMjAlMjAlMjAlMjAlMjAlMjAlM0N1bCUyMGNsYXNzJTNEJTIyY2YlMjIlMjAlM0UlMEElMjAlMjAlMjAlMjAlMjAlMjAlMjAlMjAlM0NsaSUzRSUzQ2ElMjBocmVmJTNEJTIyJTJGJTIyJTNFQWNhcyVDNCU4MyUzQyUyRmElM0UlM0MlMkZsaSUzRSUwQSUyMCUyMCUyMCUyMCUyMCUyMCUyMCUyMCUzQ2xpJTNFJTNDYSUyMGhyZWYlM0QlMjIlMkZzZXJ2aWNlcyUyRiUyMiUzRVNlcnZpY2lpJTNDJTJGYSUzRSUzQyUyRmxpJTNFJTBBJTIwJTIwJTIwJTIwJTIwJTIwJTIwJTIwJTNDbGklM0UlM0NhJTIwaHJlZiUzRCUyMiUyRmFib3V0JTJGJTIyJTNFRGVzcHJlJTIwbm9pJTNDJTJGYSUzRSUzQyUyRmxpJTNFJTBBJTIwJTIwJTIwJTIwJTIwJTIwJTIwJTIwJTNDbGklM0UlM0NhJTIwaHJlZiUzRCUyMiUyRmF1dG9yaXphdGlpJTJGJTIyJTNFQXV0b3JpemElQzglOUJpaSUzQyUyRmElM0UlM0MlMkZsaSUzRSUwQSUyMCUyMCUyMCUyMCUyMCUyMCUyMCUyMCUzQ2xpJTNFJTNDYSUyMGhyZWYlM0QlMjIlMkZjb250YWN0JTJGJTIyJTNFQ29udGFjdGUlM0MlMkZhJTNFJTNDJTJGbGklM0UlMEElMjAlMjAlMjAlMjAlMjAlMjAlM0MlMkZ1bCUzRSUwQSUyMCUyMCUyMCUyMCUzQyUyRmRpdiUzRSUwQSUwQSUyMCUyMCUyMCUyMCUzQ2RpdiUyMGNsYXNzJTNEJTIyY29sLW1kLTQlMjBjb2wteHMtMTIlMjBwdC01JTIyJTNFJTBBJTBBJTIwJTIwJTIwJTIwJTIwJTIwJTNDZGl2JTIwY2xhc3MlM0QlMjJyb3clMjBjb250YWN0LWZvb3RlciUyMiUzRSUwQSUwQSUyMCUyMCUyMCUyMCUyMCUyMCUyMCUyMCUzQ2RpdiUyMGNsYXNzJTNEJTIyY29sLTEyJTIwY29sLXNtLTYlMjBtYi00JTIwbWItc20tMCUyMiUzRSUwQSUyMCUyMCUyMCUyMCUyMCUyMCUyMCUyMCUyMCUyMCUzQ2RpdiUyMGNsYXNzJTNEJTIyX190aXRsZSUyMiUzRWVtYWlsJTNDJTJGZGl2JTNFJTBBJTIwJTIwJTIwJTIwJTIwJTIwJTIwJTIwJTIwJTIwJTNDcCUzRSUwQSUyMCUyMCUyMCUyMCUyMCUyMCUyMCUyMCUyMCUyMCUyMCUyMCUzQ2ElMjBocmVmJTNEJTIybWFpbHRvJTNBRWNvcmVjeWNsaW5nbWQlNDBnbWFpbC5jb20lMjIlMjBzdHlsZSUzRCUyMmNvbG9yJTNBJTIwJTIzZmZmJTNCJTIyJTNFRWNvcmVjeWNsaW5nbWQlNDBnbWFpbC5jb20lM0MlMkZhJTNFJTBBJTIwJTIwJTIwJTIwJTIwJTIwJTIwJTIwJTIwJTIwJTNDJTJGcCUzRSUwQSUyMCUyMCUyMCUyMCUyMCUyMCUyMCUyMCUzQyUyRmRpdiUzRSUwQSUwQSUyMCUyMCUyMCUyMCUyMCUyMCUyMCUyMCUzQ2RpdiUyMGNsYXNzJTNEJTIyY29sLTEyJTIwY29sLXNtLTYlMjIlM0UlMEElMjAlMjAlMjAlMjAlMjAlMjAlMjAlMjAlMjAlMjAlM0NkaXYlMjBjbGFzcyUzRCUyMl9fdGl0bGUlMjIlM0VUZWxlZm9uJTNDJTJGZGl2JTNFJTBBJTIwJTIwJTIwJTIwJTIwJTIwJTIwJTIwJTIwJTIwJTNDcCUyMHN0eWxlJTNEJTIyY29sb3IlM0ElMjAlMjNmZmYlM0IlMjIlM0UlMkIzNzMlMjA3OSUyMDc3MiUyMDA1NSUzQyUyRnAlM0UlMEElMjAlMjAlMjAlMjAlMjAlMjAlMjAlMjAlM0MlMkZkaXYlM0UlMEElMEElMjAlMjAlMjAlMjAlMjAlMjAlM0MlMkZkaXYlM0UlMEElMEElMjAlMjAlMjAlMjAlMjAlMjAlM0NkaXYlMjBjbGFzcyUzRCUyMnJvdyUyMG10LTUlMjIlM0UlMEElMEElMjAlMjAlMjAlMjAlMjAlMjAlMjAlMjAlM0NkaXYlMjBjbGFzcyUzRCUyMmZvb3Rlcl9faXRlbSUyMHRleHQtcmlnaHQlMjBtdC01JTIyJTIwc3R5bGUlM0QlMjJtYXJnaW4tcmlnaHQlM0ElMjAxNDFweCUzQiUyMiUzRSUwQSUyMCUyMCUyMCUyMCUyMCUyMCUyMCUyMCUyMCUyMCUzQ2RpdiUyMGNsYXNzJTNEJTIyc29jaWFsLWJ0bnMlMjIlM0UlMEElMjAlMjAlMjAlMjAlMjAlMjAlMjAlMjAlMjAlMjAlMjAlMjAlM0NhJTIwaHJlZiUzRCUyMmh0dHBzJTNBJTJGJTJGd3d3LmZhY2Vib29rLmNvbSUyRkVjb1JlY3ljbGluZ01EJTIyJTIwdGFyZ2V0JTNEJTIyX2JsYW5rJTIyJTNFJTBBJTIwJTIwJTIwJTIwJTIwJTIwJTIwJTIwJTIwJTIwJTIwJTIwJTIwJTIwJTNDaSUyMGNsYXNzJTNEJTIyZm9udGVsbG8tZmFjZWJvb2slMjIlM0UlM0MlMkZpJTNFJTNDYnIlM0UlMEElMjAlMjAlMjAlMjAlMjAlMjAlMjAlMjAlMjAlMjAlMjAlMjAlM0MlMkZhJTNFJTBBJTIwJTIwJTIwJTIwJTIwJTIwJTIwJTIwJTIwJTIwJTNDJTJGZGl2JTNFJTBBJTIwJTIwJTIwJTIwJTIwJTIwJTIwJTIwJTNDJTJGZGl2JTNFJTBBJTBBJTIwJTIwJTIwJTIwJTIwJTIwJTNDJTJGZGl2JTNFJTBBJTBBJTIwJTIwJTIwJTIwJTNDJTJGZGl2JTNFJTBBJTBBJTIwJTIwJTIwJTIwJTIwJTNDZGl2JTIwY2xhc3MlM0QlMjJyb3clMjBmb290ZXItY29weSUyMHctMTAwJTIyJTNFJTBBJTBBJTIwJTIwJTIwJTIwJTNDZGl2JTIwY2xhc3MlM0QlMjJjb2wtMTIlMjIlM0UlMEElMjAlMjAlMjAlMjAlMjAlMjAlM0NzcGFuJTIwY2xhc3MlM0QlMjJjb3B5ciUyMiUzRSVDMiVBOSUyMDIwMTklMkMlMjBFY29yZWN5Y2xpbmclMkMlMjBBbGwlMjBSaWdodHMlMjBSZXNlcnZlZC4lM0MlMkZzcGFuJTNFJTBBJTIwJTIwJTIwJTIwJTNDJTJGZGl2JTNFJTBBJTIwJTIwJTIwJTIwJTBBJTBBJTIwJTIwJTNDJTJGZGl2JTNFJTBBJTBBJTIwJTIwJTNDJTJGZGl2JTNFJTBBJTBBJTNDJTJGZm9vdGVyJTNF[\/vc_raw_html][\/vc_column][\/vc_row]","protected":false},"excerpt":{"rendered":"<p>[vc_row full_width=&#8221;container-null&#8221;][vc_column agro_disable_column=&#8221;yes&#8221;][\/vc_column][\/vc_row][vc_row][vc_column][\/vc_column][\/vc_row][vc_row full_width=&#8221;stretch_row_content_no_spaces&#8221; css=&#8221;.vc_custom_1612344183733{margin-bottom: -140px !important;}&#8221;][vc_column][vc_raw_html]JTNDZm9vdGVyJTIwaWQlM0QlMjJmb290ZXIlMjIlMjBjbGFzcyUzRCUyMmZvb3RlciUyMGZvb3Rlci0tc3R5bGUtMyUyMHZjX2N1c3RvbV8xNjA4MzkxNzQ4ODY4JTIyJTNFJTBBJTBBJTIwJTIwJTNDZGl2JTIwY2xhc3MlM0QlMjJyb3clMjIlM0UlMEElMEElMjAlMjAlMjAlMjAlM0NkaXYlMjBjbGFzcyUzRCUyMmNvbC1tZC00JTIwY29sLXhzLTEyJTIwdGV4dC1jZW50ZXIlMjIlM0UlMEElMjAlMjAlMjAlMjAlMjAlMjAlM0NhJTIwaHJlZiUzRCUyMiUyRiUyMiUzRSUwQSUyMCUyMCUyMCUyMCUyMCUyMCUyMCUyMCUzQ2ltZyUyMGxvYWRpbmclM0QlMjJsYXp5JTIyJTIwY2xhc3MlM0QlMjJhbGlnbm5vbmUlMjBzaXplLWZ1bGwlMjB3cC1pbWFnZS05NTQlMjIlMjBzcmMlM0QlMjJodHRwJTNBJTJGJTJGZWNvcmVjeWNsaW5nLm1kJTJGd3AtY29udGVudCUyRnVwbG9hZHMlMkYyMDIxJTJGMDElMkZ2Ny5wbmclMjIlMjBhbHQlM0QlMjIlMjIlMjB3aWR0aCUzRCUyMjIwMCUyMiUyMGhlaWdodCUzRCUyMjE1MCUyMiUyMHNpemVzJTNEJTIyJTI4bWF4LXdpZHRoJTNBJTIwMjAwcHglMjklMjAxMDB2dyUyQyUyMDIwMHB4JTIyJTIwJTJGJTNFJTBBJTIwJTIwJTIwJTIwJTIwJTIwJTNDJTJGYSUzRSUwQSUyMCUyMCUyMCUyMCUzQyUyRmRpdiUzRSUwQSUwQSUyMCUyMCUyMCUyMCUzQ2RpdiUyMGNsYXNzJTNEJTIyY29sLW1kLTQlMjBjb2wteHMtMTIlMjB0ZXh0LWNlbnRlciUyMHB0LTUlMjIlM0UlMEElMjAlMjAlMjAlMjAlMjAlMjAlM0N1bCUyMGNsYXNzJTNEJTIyY2YlMjIlMjAlM0UlMEElMjAlMjAlMjAlMjAlMjAlMjAlMjAlMjAlM0NsaSUzRSUzQ2ElMjBocmVmJTNEJTIyJTJGJTIyJTNFQWNhcyVDNCU4MyUzQyUyRmElM0UlM0MlMkZsaSUzRSUwQSUyMCUyMCUyMCUyMCUyMCUyMCUyMCUyMCUzQ2xpJTNFJTNDYSUyMGhyZWYlM0QlMjIlMkZzZXJ2aWNlcyUyRiUyMiUzRVNlcnZpY2lpJTNDJTJGYSUzRSUzQyUyRmxpJTNFJTBBJTIwJTIwJTIwJTIwJTIwJTIwJTIwJTIwJTNDbGklM0UlM0NhJTIwaHJlZiUzRCUyMiUyRmFib3V0JTJGJTIyJTNFRGVzcHJlJTIwbm9pJTNDJTJGYSUzRSUzQyUyRmxpJTNFJTBBJTIwJTIwJTIwJTIwJTIwJTIwJTIwJTIwJTNDbGklM0UlM0NhJTIwaHJlZiUzRCUyMiUyRmF1dG9yaXphdGlpJTJGJTIyJTNFQXV0b3JpemElQzglOUJpaSUzQyUyRmElM0UlM0MlMkZsaSUzRSUwQSUyMCUyMCUyMCUyMCUyMCUyMCUyMCUyMCUzQ2xpJTNFJTNDYSUyMGhyZWYlM0QlMjIlMkZjb250YWN0JTJGJTIyJTNFQ29udGFjdGUlM0MlMkZhJTNFJTNDJTJGbGklM0UlMEElMjAlMjAlMjAlMjAlMjAlMjAlM0MlMkZ1bCUzRSUwQSUyMCUyMCUyMCUyMCUzQyUyRmRpdiUzRSUwQSUwQSUyMCUyMCUyMCUyMCUzQ2RpdiUyMGNsYXNzJTNEJTIyY29sLW1kLTQlMjBjb2wteHMtMTIlMjBwdC01JTIyJTNFJTBBJTBBJTIwJTIwJTIwJTIwJTIwJTIwJTNDZGl2JTIwY2xhc3MlM0QlMjJyb3clMjBjb250YWN0LWZvb3RlciUyMiUzRSUwQSUwQSUyMCUyMCUyMCUyMCUyMCUyMCUyMCUyMCUzQ2RpdiUyMGNsYXNzJTNEJTIyY29sLTEyJTIwY29sLXNtLTYlMjBtYi00JTIwbWItc20tMCUyMiUzRSUwQSUyMCUyMCUyMCUyMCUyMCUyMCUyMCUyMCUyMCUyMCUzQ2RpdiUyMGNsYXNzJTNEJTIyX190aXRsZSUyMiUzRWVtYWlsJTNDJTJGZGl2JTNFJTBBJTIwJTIwJTIwJTIwJTIwJTIwJTIwJTIwJTIwJTIwJTNDcCUzRSUwQSUyMCUyMCUyMCUyMCUyMCUyMCUyMCUyMCUyMCUyMCUyMCUyMCUzQ2ElMjBocmVmJTNEJTIybWFpbHRvJTNBRWNvcmVjeWNsaW5nbWQlNDBnbWFpbC5jb20lMjIlMjBzdHlsZSUzRCUyMmNvbG9yJTNBJTIwJTIzZmZmJTNCJTIyJTNFRWNvcmVjeWNsaW5nbWQlNDBnbWFpbC5jb20lM0MlMkZhJTNFJTBBJTIwJTIwJTIwJTIwJTIwJTIwJTIwJTIwJTIwJTIwJTNDJTJGcCUzRSUwQSUyMCUyMCUyMCUyMCUyMCUyMCUyMCUyMCUzQyUyRmRpdiUzRSUwQSUwQSUyMCUyMCUyMCUyMCUyMCUyMCUyMCUyMCUzQ2RpdiUyMGNsYXNzJTNEJTIyY29sLTEyJTIwY29sLXNtLTYlMjIlM0UlMEElMjAlMjAlMjAlMjAlMjAlMjAlMjAlMjAlMjAlMjAlM0NkaXYlMjBjbGFzcyUzRCUyMl9fdGl0bGUlMjIlM0VUZWxlZm9uJTNDJTJGZGl2JTNFJTBBJTIwJTIwJTIwJTIwJTIwJTIwJTIwJTIwJTIwJTIwJTNDcCUyMHN0eWxlJTNEJTIyY29sb3IlM0ElMjAlMjNmZmYlM0IlMjIlM0UlMkIzNzMlMjA3OSUyMDc3MiUyMDA1NSUzQyUyRnAlM0UlMEElMjAlMjAlMjAlMjAlMjAlMjAlMjAlMjAlM0MlMkZkaXYlM0UlMEElMEElMjAlMjAlMjAlMjAlMjAlMjAlM0MlMkZkaXYlM0UlMEElMEElMjAlMjAlMjAlMjAlMjAlMjAlM0NkaXYlMjBjbGFzcyUzRCUyMnJvdyUyMG10LTUlMjIlM0UlMEElMEElMjAlMjAlMjAlMjAlMjAlMjAlMjAlMjAlM0NkaXYlMjBjbGFzcyUzRCUyMmZvb3Rlcl9faXRlbSUyMHRleHQtcmlnaHQlMjBtdC01JTIyJTIwc3R5bGUlM0QlMjJtYXJnaW4tcmlnaHQlM0ElMjAxNDFweCUzQiUyMiUzRSUwQSUyMCUyMCUyMCUyMCUyMCUyMCUyMCUyMCUyMCUyMCUzQ2RpdiUyMGNsYXNzJTNEJTIyc29jaWFsLWJ0bnMlMjIlM0UlMEElMjAlMjAlMjAlMjAlMjAlMjAlMjAlMjAlMjAlMjAlMjAlMjAlM0NhJTIwaHJlZiUzRCUyMmh0dHBzJTNBJTJGJTJGd3d3LmZhY2Vib29rLmNvbSUyRkVjb1JlY3ljbGluZ01EJTIyJTIwdGFyZ2V0JTNEJTIyX2JsYW5rJTIyJTNFJTBBJTIwJTIwJTIwJTIwJTIwJTIwJTIwJTIwJTIwJTIwJTIwJTIwJTIwJTIwJTNDaSUyMGNsYXNzJTNEJTIyZm9udGVsbG8tZmFjZWJvb2slMjIlM0UlM0MlMkZpJTNFJTNDYnIlM0UlMEElMjAlMjAlMjAlMjAlMjAlMjAlMjAlMjAlMjAlMjAlMjAlMjAlM0MlMkZhJTNFJTBBJTIwJTIwJTIwJTIwJTIwJTIwJTIwJTIwJTIwJTIwJTNDJTJGZGl2JTNFJTBBJTIwJTIwJTIwJTIwJTIwJTIwJTIwJTIwJTNDJTJGZGl2JTNFJTBBJTBBJTIwJTIwJTIwJTIwJTIwJTIwJTNDJTJGZGl2JTNFJTBBJTBBJTIwJTIwJTIwJTIwJTNDJTJGZGl2JTNFJTBBJTBBJTIwJTIwJTIwJTIwJTIwJTNDZGl2JTIwY2xhc3MlM0QlMjJyb3clMjBmb290ZXItY29weSUyMHctMTAwJTIyJTNFJTBBJTBBJTIwJTIwJTIwJTIwJTNDZGl2JTIwY2xhc3MlM0QlMjJjb2wtMTIlMjIlM0UlMEElMjAlMjAlMjAlMjAlMjAlMjAlM0NzcGFuJTIwY2xhc3MlM0QlMjJjb3B5ciUyMiUzRSVDMiVBOSUyMDIwMTklMkMlMjBFY29yZWN5Y2xpbmclMkMlMjBBbGwlMjBSaWdodHMlMjBSZXNlcnZlZC4lM0MlMkZzcGFuJTNFJTBBJTIwJTIwJTIwJTIwJTNDJTJGZGl2JTNFJTBBJTIwJTIwJTIwJTIwJTBBJTBBJTIwJTIwJTNDJTJGZGl2JTNFJTBBJTBBJTIwJTIwJTNDJTJGZGl2JTNFJTBBJTBBJTNDJTJGZm9vdGVyJTNF[\/vc_raw_html][\/vc_column][\/vc_row]<\/p>\n","protected":false},"author":1,"featured_media":0,"parent":0,"menu_order":0,"comment_status":"closed","ping_status":"closed","template":"","meta":[],"_links":{"self":[{"href":"https:\/\/ecorecycling.md\/ro\/wp-json\/wp\/v2\/pages\/259"}],"collection":[{"href":"https:\/\/ecorecycling.md\/ro\/wp-json\/wp\/v2\/pages"}],"about":[{"href":"https:\/\/ecorecycling.md\/ro\/wp-json\/wp\/v2\/types\/page"}],"author":[{"embeddable":true,"href":"https:\/\/ecorecycling.md\/ro\/wp-json\/wp\/v2\/users\/1"}],"replies":[{"embeddable":true,"href":"https:\/\/ecorecycling.md\/ro\/wp-json\/wp\/v2\/comments?post=259"}],"version-history":[{"count":34,"href":"https:\/\/ecorecycling.md\/ro\/wp-json\/wp\/v2\/pages\/259\/revisions"}],"predecessor-version":[{"id":1578,"href":"https:\/\/ecorecycling.md\/ro\/wp-json\/wp\/v2\/pages\/259\/revisions\/1578"}],"wp:attachment":[{"href":"https:\/\/ecorecycling.md\/ro\/wp-json\/wp\/v2\/media?parent=259"}],"curies":[{"name":"wp","href":"https:\/\/api.w.org\/{rel}","templated":true}]}}