{"id":238,"date":"2019-02-05T07:05:06","date_gmt":"2019-02-05T07:05:06","guid":{"rendered":"https:\/\/ninetheme.com\/themes\/agro\/?page_id=238"},"modified":"2022-07-05T08:50:35","modified_gmt":"2022-07-05T08:50:35","slug":"abous-us","status":"publish","type":"page","link":"https:\/\/ecorecycling.md\/ro\/abous-us\/","title":{"rendered":"Despre noi"},"content":{"rendered":"[vc_row full_width=&#8221;container-null&#8221; css=&#8221;.vc_custom_1612344643499{margin-top: -130px !important;}&#8221;][vc_column agro_disable_column=&#8221;yes&#8221;]<div class=\"section section--no-pb about--1 md-hide-bg item_69d24a2ec1c59 vc_custom_1611867046347\" data-res-css=\"              \"><div class=\"container\"><div class=\"section-heading\"><h2 class=\"__title\">Eco Recycling <span>un viitor curat !<\/span><\/h2><\/div><div class=\"row\"><div class=\"col-12 col-lg-6 col-xl-8\">Cantit\u0103\u021bile enorme de de\u0219euri \u00een care se inund\u0103 \u021bara noastr\u0103 ne-a adus la ideea c\u0103 trebuie de ac\u021bionat imediat, studiind un pic provenien\u021ba de\u0219eurilor, am depistat c\u0103 circa \u2153 din ele sunt aruncate de \u00eentreprinderi, astfel \u00een 2005 a fost fondat\u0103 compania Eco Recycling SRL, care a oferit de-a lungul timpului servicii de colectare \u0219i prelucrare a diferitor tipuri de de\u0219euri, inclusiv periculoase.<\/p>\n<p>Ne place s\u0103 credem c\u0103 astfel am contribuit la o bun\u0103 diminuare a efectelor nocive de poluare,\u00a0\u00eens\u0103 mai avem mult de lucru.<\/p>\n<p>Suntem o echip\u0103 t\u00e2n\u0103r\u0103, dar ambi\u021bioas\u0103, deschi\u0219i s\u0103 ne \u00eemp\u0103rt\u0103\u0219im cu experien\u021ba, \u0219i s\u0103 ajut\u0103m \u00een continuare companiile care vor s\u0103 devin\u0103 mai prietenoase mediului \u0219i cu responsabilitate trateaz\u0103 acest subiect.<\/p>\n<p>S\u0103 recicl\u0103m nu este un trand, ci o necesitate, \u0219i dac\u0103 sim\u021bi\u021bi \u0219i voi aceast\u0103 necesitate, nu ezita\u021bi s\u0103 ne contacta\u021bi, \u00eempreun\u0103 putem s\u0103 facem lumea, mai curat\u0103!<\/div><\/div><\/div><\/div>[\/vc_column][\/vc_row][vc_row full_width=&#8221;container-null&#8221; css=&#8221;.vc_custom_1610657363861{border-bottom-width: -50px !important;}&#8221;][vc_column agro_disable_column=&#8221;yes&#8221; css=&#8221;.vc_custom_1610657910879{margin-bottom: -100px !important;}&#8221;]<div class=\"section  section_69d24a2ec1cce\" data-res-css=\"     \"><div class=\"container\"><div class=\"section-heading section-heading--center\" data-aos=\"fade\"><h2 class=\"__title\">Partenerii <span>Ecorecycling<\/span><\/h2><\/div><div class=\"partners-list\"><div class=\"js-slick\" data-slick='{\"slidesToShow\": 5,\"autoplay\": true,\"arrows\": false,\"dots\": true,\"pauseOnHover\": true,\"speed\": 1000,\"responsive\": [{\"breakpoint\":576,\"settings\":{\"slidesToShow\": 1}},{\"breakpoint\":767,\"settings\":{\"slidesToShow\": 3}},{\"breakpoint\":991,\"settings\":{\"slidesToShow\": 4}},{\"breakpoint\":1199,\"settings\":{\"autoplay\": false,\"dots\": false,\"slidesToShow\": 5}}]}'><div class=\"__item\"><img src=\"https:\/\/ecorecycling.md\/wp-content\/uploads\/2021\/01\/partener-logo-01.png\" class=\"img-fluid m-auto\" alt=\"partener-logo-01.png\"><\/div><div class=\"__item\"><img src=\"https:\/\/ecorecycling.md\/wp-content\/uploads\/2021\/01\/partener-logo-02.png\" class=\"img-fluid m-auto\" alt=\"partener-logo-02.png\"><\/div><div class=\"__item\"><img src=\"https:\/\/ecorecycling.md\/wp-content\/uploads\/2021\/01\/partener-logo-03.png\" class=\"img-fluid m-auto\" alt=\"partener-logo-03.png\"><\/div><\/div><\/div><\/div><\/div>[\/vc_column][\/vc_row][vc_row full_width=&#8221;container-null&#8221; css=&#8221;.vc_custom_1610657363861{border-bottom-width: -50px !important;}&#8221;][vc_column agro_disable_column=&#8221;yes&#8221; css=&#8221;.vc_custom_1610657953148{margin-top: -100px !important;}&#8221; agro_md_css=&#8221;.vc_custom_1610657953152{margin-top: -10px !important;}&#8221;]<div class=\"section  section_69d24a2ec265d\" data-res-css=\"     \"><div class=\"container\"><div class=\"section-heading section-heading--center\" data-aos=\"fade\"><h2 class=\"__title\">Clien\u021bii <span>Ecorecycling<\/span><\/h2><\/div><div class=\"partners-list\"><div class=\"js-slick\" data-slick='{\"slidesToShow\": 5,\"autoplay\": true,\"arrows\": false,\"dots\": true,\"pauseOnHover\": true,\"speed\": 1000,\"responsive\": [{\"breakpoint\":576,\"settings\":{\"slidesToShow\": 1}},{\"breakpoint\":767,\"settings\":{\"slidesToShow\": 3}},{\"breakpoint\":991,\"settings\":{\"slidesToShow\": 4}},{\"breakpoint\":1199,\"settings\":{\"autoplay\": false,\"dots\": false,\"slidesToShow\": 5}}]}'><div class=\"__item\"><img src=\"https:\/\/ecorecycling.md\/wp-content\/uploads\/2021\/01\/clienti-04.png\" class=\"img-fluid m-auto\" alt=\"clienti-04.png\"><\/div><div class=\"__item\"><img src=\"https:\/\/ecorecycling.md\/wp-content\/uploads\/2021\/01\/clienti-05.png\" class=\"img-fluid m-auto\" alt=\"clienti-05.png\"><\/div><div class=\"__item\"><img src=\"https:\/\/ecorecycling.md\/wp-content\/uploads\/2021\/01\/clienti-06.png\" class=\"img-fluid m-auto\" alt=\"clienti-06.png\"><\/div><div class=\"__item\"><img src=\"https:\/\/ecorecycling.md\/wp-content\/uploads\/2021\/01\/clienti-07.png\" class=\"img-fluid m-auto\" alt=\"clienti-07.png\"><\/div><div class=\"__item\"><img src=\"https:\/\/ecorecycling.md\/wp-content\/uploads\/2021\/01\/clienti-08.png\" class=\"img-fluid m-auto\" alt=\"clienti-08.png\"><\/div><div class=\"__item\"><img src=\"https:\/\/ecorecycling.md\/wp-content\/uploads\/2021\/01\/clienti-09.png\" class=\"img-fluid m-auto\" alt=\"clienti-09.png\"><\/div><\/div><\/div><\/div><\/div>[\/vc_column][\/vc_row][vc_row][vc_column][vc_column_text]\n<p>&nbsp;<\/p>\n[\/vc_column_text][\/vc_column][\/vc_row][vc_row full_width=&#8221;container-null&#8221; disable_element=&#8221;yes&#8221; css=&#8221;.vc_custom_1612344148066{margin-bottom: 150px !important;}&#8221;][vc_column agro_disable_column=&#8221;yes&#8221; css=&#8221;.vc_custom_1610659730848{border-bottom-width: 50px !important;}&#8221;]<div class=\"section section--no-pb jarallax item_69d24a2ec35ea vc_custom_1611867580886\" data-speed=\"0.4\" data-img-position=\"50% 65%\" data-res-css=\"   .section.item_69d24a2ec35ea .section-heading .__title {color: #ffffff; } .section.item_69d24a2ec35ea .section-heading .__title span{color: #ffffff; } .section.item_69d24a2ec35ea .p{color: #ffffff; }   .section.item_69d24a2ec35ea .js-slick .__item p{color: #666666; }\"><img src=\"https:\/\/ecorecycling.md\/wp-content\/uploads\/2020\/12\/itl.cat_pollution-wallpaper_1725070.jpg\" class=\"jarallax-img\" alt=\"itl.cat_pollution-wallpaper_1725070.jpg\"><div class=\"container\"><div class=\"section-heading section-heading--center section-heading--white\" data-aos=\"fade\"><h2 class=\"__title\">Salvez\u0103 <span>lumea<\/span><\/h2><p class=\"text-white\">Cum se face corect colectarea separat\u0103 ?<\/p><\/div><div class=\"simple-text-block simple-text-block--no-pb\"><div class=\"row justify-content-md-center\"><div class=\"col-12 col-md-11\"><div class=\"row justify-content-lg-between no-gutters\"><div class=\"col-12 col-lg-5\"><img src=\"https:\/\/ecorecycling.md\/wp-content\/uploads\/2021\/01\/save-world.jpg\" class=\"img-fluid\" alt=\"save-world.jpg\"><\/div><div class=\"col-12 my-3 d-lg-none\"><\/div><div class=\"col-12 col-lg-6\"><div class=\"js-slick\" data-slick='{\"autoplay\": true, \"arrows\": false, \"dots\": true, \"pauseOnHover\": true, \"speed\": 1000}'><div class=\"__item\"><h3>H\u00c2RTIE \u0218I CARTON <span>MENAJERE<\/span><\/h3><p><strong>De\u0219euri simple<\/strong><\/p>\n<p>Caiete, c\u0103r\u021bi, ziare \u0219i reviste, foi, bro\u0219uri, copii xerox, ambalaje din<br \/>\ncarton pentru alimente \u0219i b\u0103uturi (TetraPak), h\u00e2rtie pentru ambalaje,<br \/>\npungi \u0219i plicuri de h\u00e2rtie, ambalaje din carton mici (cu<\/p>\n<p><strong>De\u0219euri complicate<\/strong><\/p>\n<p>\u0218erve\u021bele de mas\u0103 \u0219i de h\u00e2rtie, h\u00e2rtie-carbon, h\u00e2rtie pentru tipizate<br \/>\n(chitan\u021be), h\u00e2rtie de copt, h\u00e2rtie \u0219i carton cu urme de gr\u0103sime \u0219i<br \/>\nmurdare (de exemplu cutii de carton de la pizza), tapet de h\u00e2rtie,<br \/>\nh\u00e2rtie fotografic\u0103.<\/p>\n<p><strong>Cum procedez ?<\/strong><\/p>\n<p>- Scoate\u021bi ambalajele de celofan \u00eenainte s\u0103 arunca\u021bi ziarele \u0219i<br \/>\nrevistele.<br \/>\n- H\u00e2rtia trebuie s\u0103 fie colectat\u0103 vrac \u00een recipientul s\u0103u sau \u00een<br \/>\npungi de h\u00e2rtie.<br \/>\n- Presa\u021bi pentru a reduce volumul ambalajelor din carton.<\/p>\n<\/div><div class=\"__item\"><h3>DE\u0218EU ORGANIC <span><\/span><\/h3><p><strong>De\u0219euri simple<\/strong><\/p>\n<p>Resturi alimentare, filtre pentru ceai \u0219i cafea (cu excep\u021bia monodozelor<br \/>\npentru aparate de cafea), \u0219erve\u021bele de mas\u0103 \u0219i \u0219erve\u021bele de h\u00e2rtie,<br \/>\nprosoape de h\u00e2rtie, flori uscate \u0219i t\u0103iate sau plante mici.<\/p>\n<p><strong>De\u0219euri complicate<\/strong><\/p>\n<p>Monodoze pentru aparate de cafea, alimente calde sau lichide,<br \/>\ncochilii de molu\u0219te, ulei, substan\u021be periculoase, c\u00e2rpe chiar dac\u0103<br \/>\nsunt ude, sticl\u0103, plastic sau alte impurit\u0103\u021bi.<\/p>\n<p><strong>Cum procedez ?<\/strong><\/p>\n<p>De\u0219eurile organice trebuie s\u0103 fie colectate \u00een recipiente adecvate \u00een<br \/>\npungi compostabile, nu \u00een pungi de plastic.<\/p>\n<\/div><div class=\"__item\"><h3>STICL\u0102 <span><\/span><\/h3><p><strong>De\u0219euri simple<\/strong><\/p>\n<p>Sticle, pahare, carafe, borcane, cutii, flacoane, perfuzii, fiole,<br \/>\nrecipiente \u00een general f\u0103r\u0103 dopuri \u0219i capace.<\/p>\n<p><strong>De\u0219euri complicate<\/strong><\/p>\n<p>Recipiente cu simbolurile de substan\u021be periculoase, recipiente \u0219i<br \/>\nt\u0103vi pentru cuptor din sticl\u0103 Pirex, obiecte de cristal, farfurii, ce\u0219ti<br \/>\n\u0219i alte produse din ceramic\u0103, por\u021belan sau teracot\u0103, oglinzi, cioburi<br \/>\nde sticl\u0103, becuri, becuri fluorescente, tuburi de neon.<\/p>\n<p><strong>Cum procedez ?<\/strong><\/p>\n<p>Colecta\u021bi ambalajele vrac \u00een recipientul pentru de\u0219euri, f\u0103r\u0103 a utiliza<br \/>\npungi.<\/p>\n<\/div><div class=\"__item\"><h3>AMBALAJE DIN PLASTIC \u0218I METALICE <span><\/span><\/h3><p><strong>De\u0219euri simple<\/strong><\/p>\n<p>Sticle, flacoane \u0219i ambalaje \u00een general, cutii din aluminiu, cutii<br \/>\nde conserve, t\u0103vi de aluminiu, tuburile \u0219i recipiente de produse<br \/>\ntip spray pentru igien\u0103 personal\u0103 (de ex. deodorantele), capace<br \/>\nmetalice, folie din aluminiu, coliere din plastic, celofan, polistiren,<br \/>\nfarfurii \u0219i pahare din plastic.<\/p>\n<p><strong>De\u0219euri complicate<\/strong><\/p>\n<p>Recipiente din plastic sau metal cu simbolurile de substan\u021be<br \/>\npericuloase, recipiente TetraPak, CDuri, casete video, casete \u0219i<br \/>\ncarcasele lor, tac\u00e2muri din plastic, juc\u0103rii, mobilier de gr\u0103din\u0103,<br \/>\nusc\u0103toare de rufe, tig\u0103i, bidoane si alte obiecte din plastic sau<br \/>\nmetal care nu sunt ambalaje, articole pentru construc\u021bii (de ex.<br \/>\n\u021bevi, cabluri electrice)<\/p>\n<p><strong>Cum procedez ?<\/strong><\/p>\n<p>- Ambalajele trebuie s\u0103 fie goale, f\u0103r\u0103 reziduuri lichide sau solide.<br \/>\n- Cl\u0103ti\u021bi \u0219i presa\u021bi sticlele \u0219i flacoanele din plastic.<\/p>\n<\/div><div class=\"__item\"><h3>DE\u0218EURI NERECICLABILE <span><\/span><\/h3><p><strong>De\u0219euri simple<\/strong><\/p>\n<p>Toate de\u0219eurile non-reciclabile, inclusiv absorbante pentru igiena<br \/>\npersonal\u0103, scutece, a\u0219ternuturi pentru animale de companie,<br \/>\nbumbac, becuri cu incandescen\u021b\u0103, CDuri, casete video \u0219i carcasa<br \/>\nacestora, tac\u00e2muri din plastic, juc\u0103rii, obiecte din ceramic\u0103, faian\u021b\u0103<br \/>\nsau por\u021belan, oglinzi, recipiente vase pentru cuptor din sticl\u0103,<br \/>\nobiecte din cristal, cioburi de sticl\u0103, dopuri, h\u00e2rtie \u0219i carton cu urme<br \/>\nde gr\u0103sime \u0219i murdare, cochilii de molu\u0219te.<\/p>\n<p><strong>De\u0219euri complicate<\/strong><\/p>\n<p>De\u0219euri reciclabile \u0219i ambalaje din materiale recuperabile, substan\u021be<br \/>\npericuloase, produse alimentare lichide, ulei, iarb\u0103, flori sau frunze,<br \/>\nr\u0103d\u0103cini, ramuri.<\/p>\n<p><strong>Cum procedez ?<\/strong><\/p>\n<p>\u00cen cazul \u00een care incertitudinea persist\u0103, este preferabil s\u0103 arunca\u021bi materialele<br \/>\nla de\u0219eurile nereciclabile, pentru a nu afecta calitatea colect\u0103rii \u0219i<br \/>\na nu z\u0103d\u0103rnici angajamentul de zi cu zi a celor care separ\u0103 \u00een mod<br \/>\ncorect diferitele tipuri de de\u0219euri.<\/p>\n<\/div><div class=\"__item\"><h3>RESTURI VEGETALE <span><\/span><\/h3><p><strong>De\u0219euri simple<\/strong><\/p>\n<p>Iarba, flori, frunze, plante f\u0103r\u0103 p\u0103m\u00e2nt pe r\u0103d\u0103cini, r\u0103d\u0103cini, resturi de la<br \/>\ncur\u0103\u021barea gr\u0103dinii, crengi.<\/p>\n<p><strong>De\u0219euri complicate<\/strong><\/p>\n<p>Resturi din buc\u0103t\u0103rie de de\u0219euri organice, p\u0103m\u00e2nt, ghivece sau farfurii pentru ele.<\/p>\n<p><strong>Cum procedez ?<\/strong><\/p>\n<p>De\u0219eurile trebuie s\u0103 fie introduse vrac \u00een recipiente. Ramurile trebuie s\u0103 fie legate \u00een m\u0103nunchiuri de lungimea maxim\u0103 de 1,5 m, diametrul maxim de 50 cm<br \/>\niar greutatea maxim\u0103 de 20 kg, pentru a putea fi ridicate de c\u0103tre o persoan\u0103.<\/p>\n<p><strong>Colectarea<\/strong><\/p>\n<p>Colectarea de\u0219eurilor la domiciliu are loc prin rezervare, prin trimiterea unui<br \/>\nsimplu SMS. Trebuie s\u0103 v\u0103 adresa\u021bi mai \u00eent\u00e2i serviciului clien\u021bi pentru a activa<br \/>\nserviciul. Odat\u0103 activat, clientul va primi num\u0103rul la care s\u0103 trimit\u0103 mesaje<br \/>\ntext \u0219i modurile de comunicare.<br \/>\nPute\u021bi rezerva serviciul de colectare, de asemenea sun\u00e2nd direct la serviciul<br \/>\nclien\u021bii.<\/p>\n<\/div><div class=\"__item\"><h3>\u021aES\u0102TURI \u0218I PIELE <span><\/span><\/h3><p><strong>De\u0219euri <\/strong><\/p>\n<p>\u00cembr\u0103c\u0103minte, gen\u021bi, p\u0103l\u0103rii, curele, l\u00e2na de la<br \/>\nsaltele, lenjerie, perechi de pantofi, perdele,<br \/>\nfe\u021be de mas\u0103.<\/p>\n<p><strong>Unde ?<\/strong><\/p>\n<p>Recipiente galbene Caritas.<\/p>\n<\/div><div class=\"__item\"><h3>BATERII <span><\/span><\/h3><p><strong>De\u0219euri<\/strong><\/p>\n<p>Baterii de unic\u0103 folosin\u021b\u0103 de la aparate electrocasnice mici \u0219i<br \/>\ntelefoane mobile. Nu bateriile de la sistemele de alarm\u0103.<\/p>\n<p><strong>Unde ?<\/strong><\/p>\n<p>Recipientele \u00een magazine sau la Centrele de Colectare.<\/p>\n<\/div><\/div><\/div><\/div><\/div><\/div><\/div><\/div><\/div>[\/vc_column][\/vc_row][vc_row full_width=&#8221;stretch_row_content_no_spaces&#8221; css=&#8221;.vc_custom_1612344100156{margin-bottom: -140px !important;}&#8221;][vc_column agro_disable_column=&#8221;yes&#8221;][vc_raw_html]JTNDZm9vdGVyJTIwaWQlM0QlMjJmb290ZXIlMjIlMjBjbGFzcyUzRCUyMmZvb3RlciUyMGZvb3Rlci0tc3R5bGUtMyUyMHZjX2N1c3RvbV8xNjA4MzkxNzQ4ODY4JTIyJTNFJTBBJTBBJTIwJTIwJTNDZGl2JTIwY2xhc3MlM0QlMjJyb3clMjIlM0UlMEElMEElMjAlMjAlMjAlMjAlM0NkaXYlMjBjbGFzcyUzRCUyMmNvbC1tZC00JTIwY29sLXhzLTEyJTIwdGV4dC1jZW50ZXIlMjIlM0UlMEElMjAlMjAlMjAlMjAlMjAlMjAlM0NhJTIwaHJlZiUzRCUyMiUyRiUyMiUzRSUwQSUyMCUyMCUyMCUyMCUyMCUyMCUyMCUyMCUzQ2ltZyUyMGxvYWRpbmclM0QlMjJsYXp5JTIyJTIwY2xhc3MlM0QlMjJhbGlnbm5vbmUlMjBzaXplLWZ1bGwlMjB3cC1pbWFnZS05NTQlMjIlMjBzcmMlM0QlMjJodHRwJTNBJTJGJTJGZWNvcmVjeWNsaW5nLm1kJTJGd3AtY29udGVudCUyRnVwbG9hZHMlMkYyMDIxJTJGMDElMkZ2Ny5wbmclMjIlMjBhbHQlM0QlMjIlMjIlMjB3aWR0aCUzRCUyMjIwMCUyMiUyMGhlaWdodCUzRCUyMjE1MCUyMiUyMHNpemVzJTNEJTIyJTI4bWF4LXdpZHRoJTNBJTIwMjAwcHglMjklMjAxMDB2dyUyQyUyMDIwMHB4JTIyJTIwJTJGJTNFJTBBJTIwJTIwJTIwJTIwJTIwJTIwJTNDJTJGYSUzRSUwQSUyMCUyMCUyMCUyMCUzQyUyRmRpdiUzRSUwQSUwQSUyMCUyMCUyMCUyMCUzQ2RpdiUyMGNsYXNzJTNEJTIyY29sLW1kLTQlMjBjb2wteHMtMTIlMjB0ZXh0LWNlbnRlciUyMHB0LTUlMjIlM0UlMEElMjAlMjAlMjAlMjAlMjAlMjAlM0N1bCUyMGNsYXNzJTNEJTIyY2YlMjIlMjAlM0UlMEElMjAlMjAlMjAlMjAlMjAlMjAlMjAlMjAlM0NsaSUzRSUzQ2ElMjBocmVmJTNEJTIyJTJGJTIyJTNFQWNhcyVDNCU4MyUzQyUyRmElM0UlM0MlMkZsaSUzRSUwQSUyMCUyMCUyMCUyMCUyMCUyMCUyMCUyMCUzQ2xpJTNFJTNDYSUyMGhyZWYlM0QlMjIlMkZzZXJ2aWNlcyUyRiUyMiUzRVNlcnZpY2lpJTNDJTJGYSUzRSUzQyUyRmxpJTNFJTBBJTIwJTIwJTIwJTIwJTIwJTIwJTIwJTIwJTNDbGklM0UlM0NhJTIwaHJlZiUzRCUyMiUyRmFib3V0JTJGJTIyJTNFRGVzcHJlJTIwbm9pJTNDJTJGYSUzRSUzQyUyRmxpJTNFJTBBJTIwJTIwJTIwJTIwJTIwJTIwJTIwJTIwJTNDbGklM0UlM0NhJTIwaHJlZiUzRCUyMiUyRmF1dG9yaXphdGlpJTJGJTIyJTNFQXV0b3JpemElQzglOUJpaSUzQyUyRmElM0UlM0MlMkZsaSUzRSUwQSUyMCUyMCUyMCUyMCUyMCUyMCUyMCUyMCUzQ2xpJTNFJTNDYSUyMGhyZWYlM0QlMjIlMkZjb250YWN0JTJGJTIyJTNFQ29udGFjdGUlM0MlMkZhJTNFJTNDJTJGbGklM0UlMEElMjAlMjAlMjAlMjAlMjAlMjAlM0MlMkZ1bCUzRSUwQSUyMCUyMCUyMCUyMCUzQyUyRmRpdiUzRSUwQSUwQSUyMCUyMCUyMCUyMCUzQ2RpdiUyMGNsYXNzJTNEJTIyY29sLW1kLTQlMjBjb2wteHMtMTIlMjBwdC01JTIyJTNFJTBBJTBBJTIwJTIwJTIwJTIwJTIwJTIwJTNDZGl2JTIwY2xhc3MlM0QlMjJyb3clMjBjb250YWN0LWZvb3RlciUyMiUzRSUwQSUwQSUyMCUyMCUyMCUyMCUyMCUyMCUyMCUyMCUzQ2RpdiUyMGNsYXNzJTNEJTIyY29sLTEyJTIwY29sLXNtLTYlMjBtYi00JTIwbWItc20tMCUyMiUzRSUwQSUyMCUyMCUyMCUyMCUyMCUyMCUyMCUyMCUyMCUyMCUzQ2RpdiUyMGNsYXNzJTNEJTIyX190aXRsZSUyMiUzRWVtYWlsJTNDJTJGZGl2JTNFJTBBJTIwJTIwJTIwJTIwJTIwJTIwJTIwJTIwJTIwJTIwJTNDcCUzRSUwQSUyMCUyMCUyMCUyMCUyMCUyMCUyMCUyMCUyMCUyMCUyMCUyMCUzQ2ElMjBocmVmJTNEJTIybWFpbHRvJTNBRWNvcmVjeWNsaW5nbWQlNDBnbWFpbC5jb20lMjIlMjBzdHlsZSUzRCUyMmNvbG9yJTNBJTIwJTIzZmZmJTNCJTIyJTNFRWNvcmVjeWNsaW5nbWQlNDBnbWFpbC5jb20lM0MlMkZhJTNFJTBBJTIwJTIwJTIwJTIwJTIwJTIwJTIwJTIwJTIwJTIwJTNDJTJGcCUzRSUwQSUyMCUyMCUyMCUyMCUyMCUyMCUyMCUyMCUzQyUyRmRpdiUzRSUwQSUwQSUyMCUyMCUyMCUyMCUyMCUyMCUyMCUyMCUzQ2RpdiUyMGNsYXNzJTNEJTIyY29sLTEyJTIwY29sLXNtLTYlMjIlM0UlMEElMjAlMjAlMjAlMjAlMjAlMjAlMjAlMjAlMjAlMjAlM0NkaXYlMjBjbGFzcyUzRCUyMl9fdGl0bGUlMjIlM0VUZWxlZm9uJTNDJTJGZGl2JTNFJTBBJTIwJTIwJTIwJTIwJTIwJTIwJTIwJTIwJTIwJTIwJTNDcCUyMHN0eWxlJTNEJTIyY29sb3IlM0ElMjAlMjNmZmYlM0IlMjIlM0UlMkIzNzMlMjA3OSUyMDc3MiUyMDA1NSUzQyUyRnAlM0UlMEElMjAlMjAlMjAlMjAlMjAlMjAlMjAlMjAlM0MlMkZkaXYlM0UlMEElMEElMjAlMjAlMjAlMjAlMjAlMjAlM0MlMkZkaXYlM0UlMEElMEElMjAlMjAlMjAlMjAlMjAlMjAlM0NkaXYlMjBjbGFzcyUzRCUyMnJvdyUyMG10LTUlMjIlM0UlMEElMEElMjAlMjAlMjAlMjAlMjAlMjAlMjAlMjAlM0NkaXYlMjBjbGFzcyUzRCUyMmZvb3Rlcl9faXRlbSUyMHRleHQtcmlnaHQlMjBtdC01JTIyJTIwc3R5bGUlM0QlMjJtYXJnaW4tcmlnaHQlM0ElMjAxNDFweCUzQiUyMiUzRSUwQSUyMCUyMCUyMCUyMCUyMCUyMCUyMCUyMCUyMCUyMCUzQ2RpdiUyMGNsYXNzJTNEJTIyc29jaWFsLWJ0bnMlMjIlM0UlMEElMjAlMjAlMjAlMjAlMjAlMjAlMjAlMjAlMjAlMjAlMjAlMjAlM0NhJTIwaHJlZiUzRCUyMmh0dHBzJTNBJTJGJTJGd3d3LmZhY2Vib29rLmNvbSUyRkVjb1JlY3ljbGluZ01EJTIyJTIwdGFyZ2V0JTNEJTIyX2JsYW5rJTIyJTNFJTBBJTIwJTIwJTIwJTIwJTIwJTIwJTIwJTIwJTIwJTIwJTIwJTIwJTIwJTIwJTNDaSUyMGNsYXNzJTNEJTIyZm9udGVsbG8tZmFjZWJvb2slMjIlM0UlM0MlMkZpJTNFJTNDYnIlM0UlMEElMjAlMjAlMjAlMjAlMjAlMjAlMjAlMjAlMjAlMjAlMjAlMjAlM0MlMkZhJTNFJTBBJTIwJTIwJTIwJTIwJTIwJTIwJTIwJTIwJTIwJTIwJTNDJTJGZGl2JTNFJTBBJTIwJTIwJTIwJTIwJTIwJTIwJTIwJTIwJTNDJTJGZGl2JTNFJTBBJTBBJTIwJTIwJTIwJTIwJTIwJTIwJTNDJTJGZGl2JTNFJTBBJTBBJTIwJTIwJTIwJTIwJTNDJTJGZGl2JTNFJTBBJTBBJTIwJTIwJTIwJTIwJTIwJTNDZGl2JTIwY2xhc3MlM0QlMjJyb3clMjBmb290ZXItY29weSUyMiUzRSUwQSUwQSUyMCUyMCUyMCUyMCUzQ2RpdiUyMGNsYXNzJTNEJTIyY29sLTEyJTIwY29sLWxnJTIyJTNFJTBBJTIwJTIwJTIwJTIwJTIwJTIwJTNDc3BhbiUyMGNsYXNzJTNEJTIyY29weXIlMjIlM0UlQzIlQTklMjAyMDE5JTJDJTIwRWNvcmVjeWNsaW5nJTJDJTIwQWxsJTIwUmlnaHRzJTIwUmVzZXJ2ZWQuJTNDJTJGc3BhbiUzRSUwQSUyMCUyMCUyMCUyMCUzQyUyRmRpdiUzRSUwQSUyMCUyMCUyMCUyMCUwQSUwQSUyMCUyMCUzQyUyRmRpdiUzRSUwQSUwQSUyMCUyMCUzQyUyRmRpdiUzRSUwQSUwQSUyMCUwQSUwQSUzQyUyRmZvb3RlciUzRQ==[\/vc_raw_html][\/vc_column][\/vc_row]","protected":false},"excerpt":{"rendered":"<p>[vc_row full_width=&#8221;container-null&#8221; css=&#8221;.vc_custom_1612344643499{margin-top: -130px !important;}&#8221;][vc_column agro_disable_column=&#8221;yes&#8221;][\/vc_column][\/vc_row][vc_row full_width=&#8221;container-null&#8221; css=&#8221;.vc_custom_1610657363861{border-bottom-width: -50px !important;}&#8221;][vc_column agro_disable_column=&#8221;yes&#8221; css=&#8221;.vc_custom_1610657910879{margin-bottom: -100px !important;}&#8221;][\/vc_column][\/vc_row][vc_row full_width=&#8221;container-null&#8221; css=&#8221;.vc_custom_1610657363861{border-bottom-width: -50px !important;}&#8221;][vc_column agro_disable_column=&#8221;yes&#8221; css=&#8221;.vc_custom_1610657953148{margin-top: -100px !important;}&#8221; agro_md_css=&#8221;.vc_custom_1610657953152{margin-top: -10px !important;}&#8221;][\/vc_column][\/vc_row][vc_row][vc_column][vc_column_text] &nbsp; [\/vc_column_text][\/vc_column][\/vc_row][vc_row full_width=&#8221;container-null&#8221; disable_element=&#8221;yes&#8221; css=&#8221;.vc_custom_1612344148066{margin-bottom: 150px !important;}&#8221;][vc_column agro_disable_column=&#8221;yes&#8221; css=&#8221;.vc_custom_1610659730848{border-bottom-width: 50px !important;}&#8221;][\/vc_column][\/vc_row][vc_row full_width=&#8221;stretch_row_content_no_spaces&#8221; css=&#8221;.vc_custom_1612344100156{margin-bottom: -140px !important;}&#8221;][vc_column agro_disable_column=&#8221;yes&#8221;][vc_raw_html]JTNDZm9vdGVyJTIwaWQlM0QlMjJmb290ZXIlMjIlMjBjbGFzcyUzRCUyMmZvb3RlciUyMGZvb3Rlci0tc3R5bGUtMyUyMHZjX2N1c3RvbV8xNjA4MzkxNzQ4ODY4JTIyJTNFJTBBJTBBJTIwJTIwJTNDZGl2JTIwY2xhc3MlM0QlMjJyb3clMjIlM0UlMEElMEElMjAlMjAlMjAlMjAlM0NkaXYlMjBjbGFzcyUzRCUyMmNvbC1tZC00JTIwY29sLXhzLTEyJTIwdGV4dC1jZW50ZXIlMjIlM0UlMEElMjAlMjAlMjAlMjAlMjAlMjAlM0NhJTIwaHJlZiUzRCUyMiUyRiUyMiUzRSUwQSUyMCUyMCUyMCUyMCUyMCUyMCUyMCUyMCUzQ2ltZyUyMGxvYWRpbmclM0QlMjJsYXp5JTIyJTIwY2xhc3MlM0QlMjJhbGlnbm5vbmUlMjBzaXplLWZ1bGwlMjB3cC1pbWFnZS05NTQlMjIlMjBzcmMlM0QlMjJodHRwJTNBJTJGJTJGZWNvcmVjeWNsaW5nLm1kJTJGd3AtY29udGVudCUyRnVwbG9hZHMlMkYyMDIxJTJGMDElMkZ2Ny5wbmclMjIlMjBhbHQlM0QlMjIlMjIlMjB3aWR0aCUzRCUyMjIwMCUyMiUyMGhlaWdodCUzRCUyMjE1MCUyMiUyMHNpemVzJTNEJTIyJTI4bWF4LXdpZHRoJTNBJTIwMjAwcHglMjklMjAxMDB2dyUyQyUyMDIwMHB4JTIyJTIwJTJGJTNFJTBBJTIwJTIwJTIwJTIwJTIwJTIwJTNDJTJGYSUzRSUwQSUyMCUyMCUyMCUyMCUzQyUyRmRpdiUzRSUwQSUwQSUyMCUyMCUyMCUyMCUzQ2RpdiUyMGNsYXNzJTNEJTIyY29sLW1kLTQlMjBjb2wteHMtMTIlMjB0ZXh0LWNlbnRlciUyMHB0LTUlMjIlM0UlMEElMjAlMjAlMjAlMjAlMjAlMjAlM0N1bCUyMGNsYXNzJTNEJTIyY2YlMjIlMjAlM0UlMEElMjAlMjAlMjAlMjAlMjAlMjAlMjAlMjAlM0NsaSUzRSUzQ2ElMjBocmVmJTNEJTIyJTJGJTIyJTNFQWNhcyVDNCU4MyUzQyUyRmElM0UlM0MlMkZsaSUzRSUwQSUyMCUyMCUyMCUyMCUyMCUyMCUyMCUyMCUzQ2xpJTNFJTNDYSUyMGhyZWYlM0QlMjIlMkZzZXJ2aWNlcyUyRiUyMiUzRVNlcnZpY2lpJTNDJTJGYSUzRSUzQyUyRmxpJTNFJTBBJTIwJTIwJTIwJTIwJTIwJTIwJTIwJTIwJTNDbGklM0UlM0NhJTIwaHJlZiUzRCUyMiUyRmFib3V0JTJGJTIyJTNFRGVzcHJlJTIwbm9pJTNDJTJGYSUzRSUzQyUyRmxpJTNFJTBBJTIwJTIwJTIwJTIwJTIwJTIwJTIwJTIwJTNDbGklM0UlM0NhJTIwaHJlZiUzRCUyMiUyRmF1dG9yaXphdGlpJTJGJTIyJTNFQXV0b3JpemElQzglOUJpaSUzQyUyRmElM0UlM0MlMkZsaSUzRSUwQSUyMCUyMCUyMCUyMCUyMCUyMCUyMCUyMCUzQ2xpJTNFJTNDYSUyMGhyZWYlM0QlMjIlMkZjb250YWN0JTJGJTIyJTNFQ29udGFjdGUlM0MlMkZhJTNFJTNDJTJGbGklM0UlMEElMjAlMjAlMjAlMjAlMjAlMjAlM0MlMkZ1bCUzRSUwQSUyMCUyMCUyMCUyMCUzQyUyRmRpdiUzRSUwQSUwQSUyMCUyMCUyMCUyMCUzQ2RpdiUyMGNsYXNzJTNEJTIyY29sLW1kLTQlMjBjb2wteHMtMTIlMjBwdC01JTIyJTNFJTBBJTBBJTIwJTIwJTIwJTIwJTIwJTIwJTNDZGl2JTIwY2xhc3MlM0QlMjJyb3clMjBjb250YWN0LWZvb3RlciUyMiUzRSUwQSUwQSUyMCUyMCUyMCUyMCUyMCUyMCUyMCUyMCUzQ2RpdiUyMGNsYXNzJTNEJTIyY29sLTEyJTIwY29sLXNtLTYlMjBtYi00JTIwbWItc20tMCUyMiUzRSUwQSUyMCUyMCUyMCUyMCUyMCUyMCUyMCUyMCUyMCUyMCUzQ2RpdiUyMGNsYXNzJTNEJTIyX190aXRsZSUyMiUzRWVtYWlsJTNDJTJGZGl2JTNFJTBBJTIwJTIwJTIwJTIwJTIwJTIwJTIwJTIwJTIwJTIwJTNDcCUzRSUwQSUyMCUyMCUyMCUyMCUyMCUyMCUyMCUyMCUyMCUyMCUyMCUyMCUzQ2ElMjBocmVmJTNEJTIybWFpbHRvJTNBRWNvcmVjeWNsaW5nbWQlNDBnbWFpbC5jb20lMjIlMjBzdHlsZSUzRCUyMmNvbG9yJTNBJTIwJTIzZmZmJTNCJTIyJTNFRWNvcmVjeWNsaW5nbWQlNDBnbWFpbC5jb20lM0MlMkZhJTNFJTBBJTIwJTIwJTIwJTIwJTIwJTIwJTIwJTIwJTIwJTIwJTNDJTJGcCUzRSUwQSUyMCUyMCUyMCUyMCUyMCUyMCUyMCUyMCUzQyUyRmRpdiUzRSUwQSUwQSUyMCUyMCUyMCUyMCUyMCUyMCUyMCUyMCUzQ2RpdiUyMGNsYXNzJTNEJTIyY29sLTEyJTIwY29sLXNtLTYlMjIlM0UlMEElMjAlMjAlMjAlMjAlMjAlMjAlMjAlMjAlMjAlMjAlM0NkaXYlMjBjbGFzcyUzRCUyMl9fdGl0bGUlMjIlM0VUZWxlZm9uJTNDJTJGZGl2JTNFJTBBJTIwJTIwJTIwJTIwJTIwJTIwJTIwJTIwJTIwJTIwJTNDcCUyMHN0eWxlJTNEJTIyY29sb3IlM0ElMjAlMjNmZmYlM0IlMjIlM0UlMkIzNzMlMjA3OSUyMDc3MiUyMDA1NSUzQyUyRnAlM0UlMEElMjAlMjAlMjAlMjAlMjAlMjAlMjAlMjAlM0MlMkZkaXYlM0UlMEElMEElMjAlMjAlMjAlMjAlMjAlMjAlM0MlMkZkaXYlM0UlMEElMEElMjAlMjAlMjAlMjAlMjAlMjAlM0NkaXYlMjBjbGFzcyUzRCUyMnJvdyUyMG10LTUlMjIlM0UlMEElMEElMjAlMjAlMjAlMjAlMjAlMjAlMjAlMjAlM0NkaXYlMjBjbGFzcyUzRCUyMmZvb3Rlcl9faXRlbSUyMHRleHQtcmlnaHQlMjBtdC01JTIyJTIwc3R5bGUlM0QlMjJtYXJnaW4tcmlnaHQlM0ElMjAxNDFweCUzQiUyMiUzRSUwQSUyMCUyMCUyMCUyMCUyMCUyMCUyMCUyMCUyMCUyMCUzQ2RpdiUyMGNsYXNzJTNEJTIyc29jaWFsLWJ0bnMlMjIlM0UlMEElMjAlMjAlMjAlMjAlMjAlMjAlMjAlMjAlMjAlMjAlMjAlMjAlM0NhJTIwaHJlZiUzRCUyMmh0dHBzJTNBJTJGJTJGd3d3LmZhY2Vib29rLmNvbSUyRkVjb1JlY3ljbGluZ01EJTIyJTIwdGFyZ2V0JTNEJTIyX2JsYW5rJTIyJTNFJTBBJTIwJTIwJTIwJTIwJTIwJTIwJTIwJTIwJTIwJTIwJTIwJTIwJTIwJTIwJTNDaSUyMGNsYXNzJTNEJTIyZm9udGVsbG8tZmFjZWJvb2slMjIlM0UlM0MlMkZpJTNFJTNDYnIlM0UlMEElMjAlMjAlMjAlMjAlMjAlMjAlMjAlMjAlMjAlMjAlMjAlMjAlM0MlMkZhJTNFJTBBJTIwJTIwJTIwJTIwJTIwJTIwJTIwJTIwJTIwJTIwJTNDJTJGZGl2JTNFJTBBJTIwJTIwJTIwJTIwJTIwJTIwJTIwJTIwJTNDJTJGZGl2JTNFJTBBJTBBJTIwJTIwJTIwJTIwJTIwJTIwJTNDJTJGZGl2JTNFJTBBJTBBJTIwJTIwJTIwJTIwJTNDJTJGZGl2JTNFJTBBJTBBJTIwJTIwJTIwJTIwJTIwJTNDZGl2JTIwY2xhc3MlM0QlMjJyb3clMjBmb290ZXItY29weSUyMiUzRSUwQSUwQSUyMCUyMCUyMCUyMCUzQ2RpdiUyMGNsYXNzJTNEJTIyY29sLTEyJTIwY29sLWxnJTIyJTNFJTBBJTIwJTIwJTIwJTIwJTIwJTIwJTNDc3BhbiUyMGNsYXNzJTNEJTIyY29weXIlMjIlM0UlQzIlQTklMjAyMDE5JTJDJTIwRWNvcmVjeWNsaW5nJTJDJTIwQWxsJTIwUmlnaHRzJTIwUmVzZXJ2ZWQuJTNDJTJGc3BhbiUzRSUwQSUyMCUyMCUyMCUyMCUzQyUyRmRpdiUzRSUwQSUyMCUyMCUyMCUyMCUwQSUwQSUyMCUyMCUzQyUyRmRpdiUzRSUwQSUwQSUyMCUyMCUzQyUyRmRpdiUzRSUwQSUwQSUyMCUwQSUwQSUzQyUyRmZvb3RlciUzRQ==[\/vc_raw_html][\/vc_column][\/vc_row]<\/p>\n","protected":false},"author":1,"featured_media":0,"parent":0,"menu_order":0,"comment_status":"closed","ping_status":"closed","template":"","meta":[],"_links":{"self":[{"href":"https:\/\/ecorecycling.md\/ro\/wp-json\/wp\/v2\/pages\/238"}],"collection":[{"href":"https:\/\/ecorecycling.md\/ro\/wp-json\/wp\/v2\/pages"}],"about":[{"href":"https:\/\/ecorecycling.md\/ro\/wp-json\/wp\/v2\/types\/page"}],"author":[{"embeddable":true,"href":"https:\/\/ecorecycling.md\/ro\/wp-json\/wp\/v2\/users\/1"}],"replies":[{"embeddable":true,"href":"https:\/\/ecorecycling.md\/ro\/wp-json\/wp\/v2\/comments?post=238"}],"version-history":[{"count":75,"href":"https:\/\/ecorecycling.md\/ro\/wp-json\/wp\/v2\/pages\/238\/revisions"}],"predecessor-version":[{"id":1577,"href":"https:\/\/ecorecycling.md\/ro\/wp-json\/wp\/v2\/pages\/238\/revisions\/1577"}],"wp:attachment":[{"href":"https:\/\/ecorecycling.md\/ro\/wp-json\/wp\/v2\/media?parent=238"}],"curies":[{"name":"wp","href":"https:\/\/api.w.org\/{rel}","templated":true}]}}